{"id":543,"date":"2025-10-20T07:15:01","date_gmt":"2025-10-20T05:15:01","guid":{"rendered":"https:\/\/www.greendd.de\/mentions-legales\/"},"modified":"2026-01-14T09:37:22","modified_gmt":"2026-01-14T08:37:22","slug":"mentions-legales","status":"publish","type":"page","link":"https:\/\/www.greendd.de\/fr\/mentions-legales\/","title":{"rendered":"Mentions l\u00e9gales"},"content":{"rendered":"\t\t<div data-elementor-type=\"wp-page\" data-elementor-id=\"543\" class=\"elementor elementor-543 elementor-3\" data-elementor-post-type=\"page\">\n\t\t\t\t<div class=\"elementor-element elementor-element-21f4caa e-flex e-con-boxed e-con e-parent\" data-id=\"21f4caa\" data-element_type=\"container\" data-e-type=\"container\">\n\t\t\t\t\t<div class=\"e-con-inner\">\n\t\t\t\t<div class=\"elementor-element elementor-element-fe75edf elementor-widget elementor-widget-heading\" data-id=\"fe75edf\" data-element_type=\"widget\" data-e-type=\"widget\" data-widget_type=\"heading.default\">\n\t\t\t\t\t<h1 class=\"elementor-heading-title elementor-size-default\">Mentions l\u00e9gales<\/h1>\t\t\t\t<\/div>\n\t\t\t\t<div class=\"elementor-element elementor-element-f1c0362 elementor-widget elementor-widget-text-editor\" data-id=\"f1c0362\" data-element_type=\"widget\" data-e-type=\"widget\" data-widget_type=\"text-editor.default\">\n\t\t\t\t\t\t\t\t\t<p><b>gdd<\/b> Green Datacenter Development GmbH &amp; Co. KG<\/p>\n<p>Feldbergstra\u00dfe 10<\/p>\n<p>38162 Cremlingen<\/p>\n<p>Tribunal d&rsquo;instance de Brunswick, HRB 212638<\/p>\n<p>Repr\u00e9sent\u00e9e par :<\/p>\n<p>Christian Vorwerk, directeur g\u00e9n\u00e9ral<\/p>\n\t\t\t\t\t\t\t\t<\/div>\n\t\t\t\t<div class=\"elementor-element elementor-element-fec7953 elementor-widget elementor-widget-heading\" data-id=\"fec7953\" data-element_type=\"widget\" data-e-type=\"widget\" data-widget_type=\"heading.default\">\n\t\t\t\t\t<h2 class=\"elementor-heading-title elementor-size-default\">Contact<\/h2>\t\t\t\t<\/div>\n\t\t\t\t<div class=\"elementor-element elementor-element-6fb1f56 elementor-widget elementor-widget-text-editor\" data-id=\"6fb1f56\" data-element_type=\"widget\" data-e-type=\"widget\" data-widget_type=\"text-editor.default\">\n\t\t\t\t\t\t\t\t\t<p>T\u00e9l\u00e9phone : +49 (0)431 979 98110<br \/>E-mail : &#105;&#x6e;&#102;&#x6f;&#64;&#x67;r&#101;&#x65;&#110;&#x64;d&#x2e;d&#101;<\/p>\n\t\t\t\t\t\t\t\t<\/div>\n\t\t\t\t<div class=\"elementor-element elementor-element-ca1bb28 elementor-widget elementor-widget-heading\" data-id=\"ca1bb28\" data-element_type=\"widget\" data-e-type=\"widget\" data-widget_type=\"heading.default\">\n\t\t\t\t\t<h2 class=\"elementor-heading-title elementor-size-default\">Responsable \u00e9ditorial<\/h2>\t\t\t\t<\/div>\n\t\t\t\t<div class=\"elementor-element elementor-element-33e6ffb elementor-widget elementor-widget-text-editor\" data-id=\"33e6ffb\" data-element_type=\"widget\" data-e-type=\"widget\" data-widget_type=\"text-editor.default\">\n\t\t\t\t\t\t\t\t\t<p>Christian Vorwerk<br \/>gdd Green Datacenter Development GmbH &amp; Co. KG<br \/>Feldbergstra\u00dfe 10<br \/>38162 Cremlingen, Germany<\/p>\n\t\t\t\t\t\t\t\t<\/div>\n\t\t\t\t<div class=\"elementor-element elementor-element-43e4c8e elementor-widget elementor-widget-heading\" data-id=\"43e4c8e\" data-element_type=\"widget\" data-e-type=\"widget\" data-widget_type=\"heading.default\">\n\t\t\t\t\t<h2 class=\"elementor-heading-title elementor-size-default\">R\u00e8glement des litiges de consommation<\/h2>\t\t\t\t<\/div>\n\t\t\t\t<div class=\"elementor-element elementor-element-2907b2e elementor-widget elementor-widget-text-editor\" data-id=\"2907b2e\" data-element_type=\"widget\" data-e-type=\"widget\" data-widget_type=\"text-editor.default\">\n\t\t\t\t\t\t\t\t\t<p>On n&rsquo;est pas pr\u00eats ni oblig\u00e9s de participer \u00e0 des proc\u00e9dures de r\u00e8glement des litiges devant un organisme de conciliation des consommateurs.<\/p>\n\t\t\t\t\t\t\t\t<\/div>\n\t\t\t\t\t<\/div>\n\t\t\t\t<\/div>\n\t\t\t\t<\/div>\n\t\t","protected":false},"excerpt":{"rendered":"<p>Mentions l\u00e9gales gdd Green Datacenter Development GmbH &amp; Co. KG Feldbergstra\u00dfe 10 38162 Cremlingen Tribunal d&rsquo;instance de Brunswick, HRB 212638 Repr\u00e9sent\u00e9e par : Christian Vorwerk, directeur g\u00e9n\u00e9ral Contact T\u00e9l\u00e9phone : +49 (0)431 979 98110E-mail : &#x69;&#x6e;&#102;&#111;&#64;&#x67;&#x72;&#x65;&#101;nd&#x64;&#x2e;&#100;&#101; Responsable \u00e9ditorial Christian Vorwerkgdd Green Datacenter Development GmbH &amp; Co. KGFeldbergstra\u00dfe 1038162 Cremlingen, Germany R\u00e8glement des litiges de consommation [&hellip;]<\/p>\n","protected":false},"author":1,"featured_media":0,"parent":0,"menu_order":1,"comment_status":"closed","ping_status":"open","template":"elementor_header_footer","meta":{"footnotes":""},"class_list":["post-543","page","type-page","status-publish","hentry"],"yoast_head":"<!-- This site is optimized with the Yoast SEO plugin v27.3 - https:\/\/yoast.com\/product\/yoast-seo-wordpress\/ -->\n<title>Mentions l\u00e9gales - Green DD<\/title>\n<meta name=\"description\" content=\"Green DD - Mentions l\u00e9gales - Toutes les infos sur nos mentions l\u00e9gales qui sont importantes d&#039;un point de vue juridique...\" \/>\n<meta name=\"robots\" content=\"index, follow, max-snippet:-1, max-image-preview:large, max-video-preview:-1\" \/>\n<link rel=\"canonical\" href=\"https:\/\/www.greendd.de\/fr\/mentions-legales\/\" \/>\n<meta property=\"og:locale\" content=\"fr_FR\" \/>\n<meta property=\"og:type\" content=\"article\" \/>\n<meta property=\"og:title\" content=\"Mentions l\u00e9gales - Green DD\" \/>\n<meta property=\"og:description\" content=\"Green DD - Mentions l\u00e9gales - Toutes les infos sur nos mentions l\u00e9gales qui sont importantes d&#039;un point de vue juridique...\" \/>\n<meta property=\"og:url\" content=\"https:\/\/www.greendd.de\/fr\/mentions-legales\/\" \/>\n<meta property=\"og:site_name\" content=\"Green DD\" \/>\n<meta property=\"article:modified_time\" content=\"2026-01-14T08:37:22+00:00\" \/>\n<meta name=\"twitter:card\" content=\"summary_large_image\" \/>\n<script type=\"application\/ld+json\" class=\"yoast-schema-graph\">{\"@context\":\"https:\\\/\\\/schema.org\",\"@graph\":[{\"@type\":\"WebPage\",\"@id\":\"https:\\\/\\\/www.greendd.de\\\/fr\\\/mentions-legales\\\/\",\"url\":\"https:\\\/\\\/www.greendd.de\\\/fr\\\/mentions-legales\\\/\",\"name\":\"Mentions l\u00e9gales - Green DD\",\"isPartOf\":{\"@id\":\"https:\\\/\\\/www.greendd.de\\\/fr\\\/#website\"},\"datePublished\":\"2025-10-20T05:15:01+00:00\",\"dateModified\":\"2026-01-14T08:37:22+00:00\",\"description\":\"Green DD - Mentions l\u00e9gales - Toutes les infos sur nos mentions l\u00e9gales qui sont importantes d'un point de vue juridique...\",\"breadcrumb\":{\"@id\":\"https:\\\/\\\/www.greendd.de\\\/fr\\\/mentions-legales\\\/#breadcrumb\"},\"inLanguage\":\"fr-FR\",\"potentialAction\":[{\"@type\":\"ReadAction\",\"target\":[\"https:\\\/\\\/www.greendd.de\\\/fr\\\/mentions-legales\\\/\"]}]},{\"@type\":\"BreadcrumbList\",\"@id\":\"https:\\\/\\\/www.greendd.de\\\/fr\\\/mentions-legales\\\/#breadcrumb\",\"itemListElement\":[{\"@type\":\"ListItem\",\"position\":1,\"name\":\"Startseite\",\"item\":\"https:\\\/\\\/www.greendd.de\\\/fr\\\/\"},{\"@type\":\"ListItem\",\"position\":2,\"name\":\"Mentions l\u00e9gales\"}]},{\"@type\":\"WebSite\",\"@id\":\"https:\\\/\\\/www.greendd.de\\\/fr\\\/#website\",\"url\":\"https:\\\/\\\/www.greendd.de\\\/fr\\\/\",\"name\":\"Green DD\",\"description\":\"\",\"publisher\":{\"@id\":\"https:\\\/\\\/www.greendd.de\\\/fr\\\/#organization\"},\"potentialAction\":[{\"@type\":\"SearchAction\",\"target\":{\"@type\":\"EntryPoint\",\"urlTemplate\":\"https:\\\/\\\/www.greendd.de\\\/fr\\\/?s={search_term_string}\"},\"query-input\":{\"@type\":\"PropertyValueSpecification\",\"valueRequired\":true,\"valueName\":\"search_term_string\"}}],\"inLanguage\":\"fr-FR\"},{\"@type\":\"Organization\",\"@id\":\"https:\\\/\\\/www.greendd.de\\\/fr\\\/#organization\",\"name\":\"Green DD\",\"url\":\"https:\\\/\\\/www.greendd.de\\\/fr\\\/\",\"logo\":{\"@type\":\"ImageObject\",\"inLanguage\":\"fr-FR\",\"@id\":\"https:\\\/\\\/www.greendd.de\\\/fr\\\/#\\\/schema\\\/logo\\\/image\\\/\",\"url\":\"https:\\\/\\\/www.greendd.de\\\/wp-content\\\/uploads\\\/2025\\\/10\\\/Elgdd_logo_positivement-4@4x-100.jpg\",\"contentUrl\":\"https:\\\/\\\/www.greendd.de\\\/wp-content\\\/uploads\\\/2025\\\/10\\\/Elgdd_logo_positivement-4@4x-100.jpg\",\"width\":823,\"height\":300,\"caption\":\"Green DD\"},\"image\":{\"@id\":\"https:\\\/\\\/www.greendd.de\\\/fr\\\/#\\\/schema\\\/logo\\\/image\\\/\"}}]}<\/script>\n<!-- \/ Yoast SEO plugin. -->","yoast_head_json":{"title":"Mentions l\u00e9gales - Green DD","description":"Green DD - Mentions l\u00e9gales - Toutes les infos sur nos mentions l\u00e9gales qui sont importantes d'un point de vue juridique...","robots":{"index":"index","follow":"follow","max-snippet":"max-snippet:-1","max-image-preview":"max-image-preview:large","max-video-preview":"max-video-preview:-1"},"canonical":"https:\/\/www.greendd.de\/fr\/mentions-legales\/","og_locale":"fr_FR","og_type":"article","og_title":"Mentions l\u00e9gales - Green DD","og_description":"Green DD - Mentions l\u00e9gales - Toutes les infos sur nos mentions l\u00e9gales qui sont importantes d'un point de vue juridique...","og_url":"https:\/\/www.greendd.de\/fr\/mentions-legales\/","og_site_name":"Green DD","article_modified_time":"2026-01-14T08:37:22+00:00","twitter_card":"summary_large_image","schema":{"@context":"https:\/\/schema.org","@graph":[{"@type":"WebPage","@id":"https:\/\/www.greendd.de\/fr\/mentions-legales\/","url":"https:\/\/www.greendd.de\/fr\/mentions-legales\/","name":"Mentions l\u00e9gales - Green DD","isPartOf":{"@id":"https:\/\/www.greendd.de\/fr\/#website"},"datePublished":"2025-10-20T05:15:01+00:00","dateModified":"2026-01-14T08:37:22+00:00","description":"Green DD - Mentions l\u00e9gales - Toutes les infos sur nos mentions l\u00e9gales qui sont importantes d'un point de vue juridique...","breadcrumb":{"@id":"https:\/\/www.greendd.de\/fr\/mentions-legales\/#breadcrumb"},"inLanguage":"fr-FR","potentialAction":[{"@type":"ReadAction","target":["https:\/\/www.greendd.de\/fr\/mentions-legales\/"]}]},{"@type":"BreadcrumbList","@id":"https:\/\/www.greendd.de\/fr\/mentions-legales\/#breadcrumb","itemListElement":[{"@type":"ListItem","position":1,"name":"Startseite","item":"https:\/\/www.greendd.de\/fr\/"},{"@type":"ListItem","position":2,"name":"Mentions l\u00e9gales"}]},{"@type":"WebSite","@id":"https:\/\/www.greendd.de\/fr\/#website","url":"https:\/\/www.greendd.de\/fr\/","name":"Green DD","description":"","publisher":{"@id":"https:\/\/www.greendd.de\/fr\/#organization"},"potentialAction":[{"@type":"SearchAction","target":{"@type":"EntryPoint","urlTemplate":"https:\/\/www.greendd.de\/fr\/?s={search_term_string}"},"query-input":{"@type":"PropertyValueSpecification","valueRequired":true,"valueName":"search_term_string"}}],"inLanguage":"fr-FR"},{"@type":"Organization","@id":"https:\/\/www.greendd.de\/fr\/#organization","name":"Green DD","url":"https:\/\/www.greendd.de\/fr\/","logo":{"@type":"ImageObject","inLanguage":"fr-FR","@id":"https:\/\/www.greendd.de\/fr\/#\/schema\/logo\/image\/","url":"https:\/\/www.greendd.de\/wp-content\/uploads\/2025\/10\/Elgdd_logo_positivement-4@4x-100.jpg","contentUrl":"https:\/\/www.greendd.de\/wp-content\/uploads\/2025\/10\/Elgdd_logo_positivement-4@4x-100.jpg","width":823,"height":300,"caption":"Green DD"},"image":{"@id":"https:\/\/www.greendd.de\/fr\/#\/schema\/logo\/image\/"}}]}},"_links":{"self":[{"href":"https:\/\/www.greendd.de\/fr\/wp-json\/wp\/v2\/pages\/543","targetHints":{"allow":["GET"]}}],"collection":[{"href":"https:\/\/www.greendd.de\/fr\/wp-json\/wp\/v2\/pages"}],"about":[{"href":"https:\/\/www.greendd.de\/fr\/wp-json\/wp\/v2\/types\/page"}],"author":[{"embeddable":true,"href":"https:\/\/www.greendd.de\/fr\/wp-json\/wp\/v2\/users\/1"}],"replies":[{"embeddable":true,"href":"https:\/\/www.greendd.de\/fr\/wp-json\/wp\/v2\/comments?post=543"}],"version-history":[{"count":0,"href":"https:\/\/www.greendd.de\/fr\/wp-json\/wp\/v2\/pages\/543\/revisions"}],"wp:attachment":[{"href":"https:\/\/www.greendd.de\/fr\/wp-json\/wp\/v2\/media?parent=543"}],"curies":[{"name":"wp","href":"https:\/\/api.w.org\/{rel}","templated":true}]}}